{"id":31527,"date":"2025-08-16T10:14:09","date_gmt":"2025-08-16T08:14:09","guid":{"rendered":"https:\/\/www.market.hu\/document-repository\/"},"modified":"2026-04-13T12:04:00","modified_gmt":"2026-04-13T10:04:00","slug":"document-repository","status":"publish","type":"page","link":"https:\/\/www.market.hu\/en\/document-repository\/","title":{"rendered":"Document repository"},"content":{"rendered":"\t\t<div data-elementor-type=\"wp-page\" data-elementor-id=\"31527\" class=\"elementor elementor-31527 elementor-23711\">\n\t\t\t\t        <section class=\"elementor-section elementor-top-section elementor-element elementor-element-69eb0cea elementor-section-full_width elementor-section-stretched pxl-full-content-with-space-start elementor-section-height-default elementor-section-height-default pxl-row-scroll-none pxl-zoom-point-false pxl-section-overflow-visible pxl-section-fix-none pxl-bg-color-none pxl-section-overlay-none\" data-id=\"69eb0cea\" data-element_type=\"section\" data-e-type=\"section\" data-settings=\"{&quot;stretch_section&quot;:&quot;section-stretched&quot;,&quot;background_background&quot;:&quot;gradient&quot;}\" style=\"padding-left: calc( (100% - 1650px)\/2);\">\n\n                \n                <div class=\"elementor-container elementor-column-gap-extended \">\n                <div class=\"elementor-column elementor-col-33 elementor-top-column elementor-element elementor-element-40ab774a pxl-column-none pxl-column-overflow-hidden-no\" data-id=\"40ab774a\" data-element_type=\"column\" data-e-type=\"column\" data-settings=\"{&quot;background_background&quot;:&quot;classic&quot;}\">\r\n        <div class=\"elementor-widget-wrap elementor-element-populated\">\r\n                     \r\n        \t\t<div class=\"elementor-element elementor-element-39898b12 elementor-widget elementor-widget-pxl_heading\" data-id=\"39898b12\" data-element_type=\"widget\" data-e-type=\"widget\" data-widget_type=\"pxl_heading.default\">\n\t\t\t\t<div class=\"elementor-widget-container\">\n\t\t\t\t\t\n<div id=\"pxl-pxl_heading-39898b12-3364\" class=\"pxl-heading px-sub-title-default-style \">\n\t<div class=\"pxl-heading--inner\">\n\t\t\n\t\t\t<h1 class=\"pxl-item--title style-default highlight-default \" data-wow-delay=\"ms\">\n\t\t\t\t\t\t\tDocument repository\t\n\t\t\t\t\n\t\t<\/h1>\n\t<\/div>\n<\/div> \t\t\t\t<\/div>\n\t\t\t\t<\/div>\n\t\t            <\/div>\r\n        <\/div>\r\n                <div class=\"elementor-column elementor-col-66 elementor-top-column elementor-element elementor-element-e9a50e7 pxl-column-none pxl-column-overflow-hidden-no\" data-id=\"e9a50e7\" data-element_type=\"column\" data-e-type=\"column\" data-settings=\"{&quot;background_background&quot;:&quot;classic&quot;}\">\r\n        <div class=\"elementor-widget-wrap elementor-element-populated\">\r\n                     \r\n        \t\t<div class=\"elementor-element elementor-element-33600fad elementor-widget elementor-widget-spacer\" data-id=\"33600fad\" data-element_type=\"widget\" data-e-type=\"widget\" data-widget_type=\"spacer.default\">\n\t\t\t\t<div class=\"elementor-widget-container\">\n\t\t\t\t\t\t\t<div class=\"elementor-spacer\">\n\t\t\t<div class=\"elementor-spacer-inner\"><\/div>\n\t\t<\/div>\n\t\t\t\t\t\t<\/div>\n\t\t\t\t<\/div>\n\t\t            <\/div>\r\n        <\/div>\r\n        \t\t\t<\/div>\n\t\t<\/section>\n\t\t        <section class=\"elementor-section elementor-top-section elementor-element elementor-element-f24df6c elementor-section-stretched elementor-section-boxed elementor-section-height-default elementor-section-height-default pxl-row-scroll-none pxl-zoom-point-false pxl-section-overflow-visible pxl-section-fix-none pxl-bg-color-none pxl-section-overlay-none\" data-id=\"f24df6c\" data-element_type=\"section\" data-e-type=\"section\" data-settings=\"{&quot;stretch_section&quot;:&quot;section-stretched&quot;}\">\n\n                \n                <div class=\"elementor-container elementor-column-gap-extended \">\n                <div class=\"elementor-column elementor-col-100 elementor-top-column elementor-element elementor-element-f1772c6 pxl-column-none pxl-column-overflow-hidden-no\" data-id=\"f1772c6\" data-element_type=\"column\" data-e-type=\"column\">\r\n        <div class=\"elementor-widget-wrap elementor-element-populated\">\r\n                     \r\n        \t\t<div class=\"elementor-element elementor-element-55360c8 home-custom-svg-size elementor-widget elementor-widget-pxl_icon_box\" data-id=\"55360c8\" data-element_type=\"widget\" data-e-type=\"widget\" data-widget_type=\"pxl_icon_box.default\">\n\t\t\t\t<div class=\"elementor-widget-container\">\n\t\t\t\t\t<div class=\"pxl-icon-box pxl-icon-box1 style-1 ani1 \" data-wow-delay=\"ms\">\r\n    <div class=\"pxl-item--inner\">\r\n        \r\n                            <div class=\"pxl-item--icon\">\r\n                                    <svg xmlns=\"http:\/\/www.w3.org\/2000\/svg\" width=\"13\" height=\"13\" viewBox=\"0 0 13 13\" fill=\"none\"><path d=\"M13 5.62384H0V7.68823H4.76732L2.38171 11.9498L4.11634 12.98L6.49805 8.71841L8.87976 12.98L10.6105 11.9498L8.22489 7.68823H12.9922V5.62384H13ZM6.49805 4.10272C7.33223 4.10272 8.01049 3.40252 8.01049 2.54135C8.01049 1.68018 7.33223 0.97998 6.49805 0.97998C5.66387 0.97998 4.98561 1.68018 4.98561 2.54135C4.98561 3.40252 5.66387 4.10272 6.49805 4.10272Z\" fill=\"#99CA3C\"><\/path><\/svg>                                <\/div>\r\n                        <div class=\"pxl-item--meta\">\r\n            <h2 class=\"pxl-item--title el-empty\">\r\n                             <a >\r\n                        Document repository                             <\/a>\r\n                        <\/h2>\r\n            <div class=\"pxl-item--description el-empty\"><\/div>\r\n        <\/div>\r\n    <\/div>\r\n<\/div>\t\t\t\t<\/div>\n\t\t\t\t<\/div>\n\t\t\t\t<div class=\"elementor-element elementor-element-1054dea custom-accordion elementor-widget elementor-widget-pxl_accordion\" data-id=\"1054dea\" data-element_type=\"widget\" data-e-type=\"widget\" data-widget_type=\"pxl_accordion.default\">\n\t\t\t\t<div class=\"elementor-widget-container\">\n\t\t\t\t\t    <div class=\"pxl-accordion pxl-accordion1 style2 \" data-wow-delay=\"ms\">\r\n                    <div class=\"pxl--item  active \">\r\n                                \r\n                <p class=\"pxl-accordion--title\" data-target=\"#pxl_accordion-1054dea-4601-1fb26af\">\r\n                                    <span class=\"pxl-title--icon pxl-mr-10\">\r\n                        <i aria-hidden=\"true\" class=\"far fa-arrow-right\"><\/i>                    <\/span>\r\n                                <span class=\"pxl-title--text pxl-pr-20\">Reports<\/span>\r\n\r\n                                \r\n                \r\n                \r\n                <i class=\"pxl-icon--plus pxl-r-0\"><\/i>\r\n                <\/p>\r\n                <div id=\"pxl_accordion-1054dea-4601-1fb26af\" class=\"pxl-accordion--content\" style=\"display: block;\">\r\n                    Environmental Policy <a href=\"https:\/\/www.market.hu\/wp-content\/uploads\/2026\/04\/Market-Environmental-policy-eng.pdf\" target=\"_blank\">link<\/a><br \/>\n<br \/>\nSustainability Riport 2024 <a href=\"https:\/\/www.market.hu\/wp-content\/uploads\/2026\/04\/Market-Csoport_-angolESG_2024.pdf\" target=\"_blank\">link<\/a><br \/>\n<br \/>\nSustainability Riport 2023 - extract <a href=\"https:\/\/www.market.hu\/wp-content\/uploads\/2026\/04\/Market_ESG_2023_extract.pdf\" target=\"_blank\">link<\/a><br \/>\nSustainability Riport 2023 <a href=\"https:\/\/www.market.hu\/wp-content\/uploads\/2026\/04\/Market_ESG_2023_long.pdf\" target=\"_blank\">link<\/a><br \/>\n<br \/>\nSustainability Riport 2022 <a href=\"https:\/\/www.market.hu\/wp-content\/uploads\/2026\/04\/Market-ESG_2022_eng.pdf\" target=\"_blank\">link<\/a><br \/>\n<br \/>\nSustainability Riport 2021 <a href=\"https:\/\/www.market.hu\/wp-content\/uploads\/2026\/04\/Market-ESG_2021_eng.pdf\" target=\"_blank\">link<\/a>                <\/div>\r\n                                            <\/div>\r\n            <\/div>\r\n    \t\t\t\t<\/div>\n\t\t\t\t<\/div>\n\t\t            <\/div>\r\n        <\/div>\r\n        \t\t\t<\/div>\n\t\t<\/section>\n\t\t\t\t<\/div>\n\t\t","protected":false},"excerpt":{"rendered":"<p>Document repository Document repository Reports Environmental Policy link Sustainability Riport 2024 link Sustainability Riport 2023 &#8211; extract link Sustainability Riport 2023 link Sustainability Riport 2022 link Sustainability Riport 2021 link<\/p>\n","protected":false},"author":1,"featured_media":25903,"parent":0,"menu_order":0,"comment_status":"closed","ping_status":"closed","template":"","meta":{"footnotes":""},"class_list":["post-31527","page","type-page","status-publish","has-post-thumbnail","hentry"],"yoast_head":"<!-- This site is optimized with the Yoast SEO plugin v27.3 - https:\/\/yoast.com\/product\/yoast-seo-wordpress\/ -->\n<title>Document repository - Market \u00c9p\u00edt\u0151 Zrt.<\/title>\n<meta name=\"description\" content=\"Explore the Document Library \u2013 all your important files, documents, and downloads in one place, easily accessible and organized.\" \/>\n<meta name=\"robots\" content=\"index, follow, max-snippet:-1, max-image-preview:large, max-video-preview:-1\" \/>\n<link rel=\"canonical\" href=\"https:\/\/www.market.hu\/dokumentumtar\/\" \/>\n<meta property=\"og:locale\" content=\"en_US\" \/>\n<meta property=\"og:type\" content=\"article\" \/>\n<meta property=\"og:title\" content=\"Document repository - Market \u00c9p\u00edt\u0151 Zrt.\" \/>\n<meta property=\"og:description\" content=\"Explore the Document Library \u2013 all your important files, documents, and downloads in one place, easily accessible and organized.\" \/>\n<meta property=\"og:url\" content=\"https:\/\/www.market.hu\/dokumentumtar\/\" \/>\n<meta property=\"og:site_name\" content=\"Market \u00c9p\u00edt\u0151 Zrt.\" \/>\n<meta property=\"article:publisher\" content=\"https:\/\/www.facebook.com\/marketcsoport\" \/>\n<meta property=\"article:modified_time\" content=\"2026-04-13T10:04:00+00:00\" \/>\n<meta property=\"og:image\" content=\"https:\/\/www.market.hu\/wp-content\/uploads\/2025\/09\/dokumentumtar02.jpg\" \/>\n\t<meta property=\"og:image:width\" content=\"2000\" \/>\n\t<meta property=\"og:image:height\" content=\"1333\" \/>\n\t<meta property=\"og:image:type\" content=\"image\/jpeg\" \/>\n<meta name=\"twitter:card\" content=\"summary_large_image\" \/>\n<script type=\"application\/ld+json\" class=\"yoast-schema-graph\">{\"@context\":\"https:\\\/\\\/schema.org\",\"@graph\":[{\"@type\":\"WebPage\",\"@id\":\"https:\\\/\\\/www.market.hu\\\/dokumentumtar\\\/\",\"url\":\"https:\\\/\\\/www.market.hu\\\/dokumentumtar\\\/\",\"name\":\"Document repository - Market \u00c9p\u00edt\u0151 Zrt.\",\"isPartOf\":{\"@id\":\"https:\\\/\\\/www.market.hu\\\/#website\"},\"primaryImageOfPage\":{\"@id\":\"https:\\\/\\\/www.market.hu\\\/dokumentumtar\\\/#primaryimage\"},\"image\":{\"@id\":\"https:\\\/\\\/www.market.hu\\\/dokumentumtar\\\/#primaryimage\"},\"thumbnailUrl\":\"https:\\\/\\\/www.market.hu\\\/wp-content\\\/uploads\\\/2025\\\/09\\\/dokumentumtar02.jpg\",\"datePublished\":\"2025-08-16T08:14:09+00:00\",\"dateModified\":\"2026-04-13T10:04:00+00:00\",\"description\":\"Explore the Document Library \u2013 all your important files, documents, and downloads in one place, easily accessible and organized.\",\"breadcrumb\":{\"@id\":\"https:\\\/\\\/www.market.hu\\\/dokumentumtar\\\/#breadcrumb\"},\"inLanguage\":\"en-US\",\"potentialAction\":[{\"@type\":\"ReadAction\",\"target\":[\"https:\\\/\\\/www.market.hu\\\/dokumentumtar\\\/\"]}]},{\"@type\":\"ImageObject\",\"inLanguage\":\"en-US\",\"@id\":\"https:\\\/\\\/www.market.hu\\\/dokumentumtar\\\/#primaryimage\",\"url\":\"https:\\\/\\\/www.market.hu\\\/wp-content\\\/uploads\\\/2025\\\/09\\\/dokumentumtar02.jpg\",\"contentUrl\":\"https:\\\/\\\/www.market.hu\\\/wp-content\\\/uploads\\\/2025\\\/09\\\/dokumentumtar02.jpg\",\"width\":2000,\"height\":1333},{\"@type\":\"BreadcrumbList\",\"@id\":\"https:\\\/\\\/www.market.hu\\\/dokumentumtar\\\/#breadcrumb\",\"itemListElement\":[{\"@type\":\"ListItem\",\"position\":1,\"name\":\"Kezd\u0151lap\",\"item\":\"https:\\\/\\\/www.market.hu\\\/\"},{\"@type\":\"ListItem\",\"position\":2,\"name\":\"Document repository\"}]},{\"@type\":\"WebSite\",\"@id\":\"https:\\\/\\\/www.market.hu\\\/#website\",\"url\":\"https:\\\/\\\/www.market.hu\\\/\",\"name\":\"Market \u00c9p\u00edt\u0151 Zrt.\",\"description\":\"\",\"publisher\":{\"@id\":\"https:\\\/\\\/www.market.hu\\\/#organization\"},\"potentialAction\":[{\"@type\":\"SearchAction\",\"target\":{\"@type\":\"EntryPoint\",\"urlTemplate\":\"https:\\\/\\\/www.market.hu\\\/?s={search_term_string}\"},\"query-input\":{\"@type\":\"PropertyValueSpecification\",\"valueRequired\":true,\"valueName\":\"search_term_string\"}}],\"inLanguage\":\"en-US\"},{\"@type\":\"Organization\",\"@id\":\"https:\\\/\\\/www.market.hu\\\/#organization\",\"name\":\"Market \u00c9p\u00edt\u0151 Zrt.\",\"url\":\"https:\\\/\\\/www.market.hu\\\/\",\"logo\":{\"@type\":\"ImageObject\",\"inLanguage\":\"en-US\",\"@id\":\"https:\\\/\\\/www.market.hu\\\/#\\\/schema\\\/logo\\\/image\\\/\",\"url\":\"https:\\\/\\\/www.market.hu\\\/wp-content\\\/uploads\\\/2025\\\/06\\\/market-logo.png\",\"contentUrl\":\"https:\\\/\\\/www.market.hu\\\/wp-content\\\/uploads\\\/2025\\\/06\\\/market-logo.png\",\"width\":179,\"height\":81,\"caption\":\"Market \u00c9p\u00edt\u0151 Zrt.\"},\"image\":{\"@id\":\"https:\\\/\\\/www.market.hu\\\/#\\\/schema\\\/logo\\\/image\\\/\"},\"sameAs\":[\"https:\\\/\\\/www.facebook.com\\\/marketcsoport\",\"https:\\\/\\\/www.linkedin.com\\\/company\\\/market-epito-zrt\",\"https:\\\/\\\/www.instagram.com\\\/marketepitozrt\\\/\"]}]}<\/script>\n<!-- \/ Yoast SEO plugin. -->","yoast_head_json":{"title":"Document repository - Market \u00c9p\u00edt\u0151 Zrt.","description":"Explore the Document Library \u2013 all your important files, documents, and downloads in one place, easily accessible and organized.","robots":{"index":"index","follow":"follow","max-snippet":"max-snippet:-1","max-image-preview":"max-image-preview:large","max-video-preview":"max-video-preview:-1"},"canonical":"https:\/\/www.market.hu\/dokumentumtar\/","og_locale":"en_US","og_type":"article","og_title":"Document repository - Market \u00c9p\u00edt\u0151 Zrt.","og_description":"Explore the Document Library \u2013 all your important files, documents, and downloads in one place, easily accessible and organized.","og_url":"https:\/\/www.market.hu\/dokumentumtar\/","og_site_name":"Market \u00c9p\u00edt\u0151 Zrt.","article_publisher":"https:\/\/www.facebook.com\/marketcsoport","article_modified_time":"2026-04-13T10:04:00+00:00","og_image":[{"width":2000,"height":1333,"url":"https:\/\/www.market.hu\/wp-content\/uploads\/2025\/09\/dokumentumtar02.jpg","type":"image\/jpeg"}],"twitter_card":"summary_large_image","schema":{"@context":"https:\/\/schema.org","@graph":[{"@type":"WebPage","@id":"https:\/\/www.market.hu\/dokumentumtar\/","url":"https:\/\/www.market.hu\/dokumentumtar\/","name":"Document repository - Market \u00c9p\u00edt\u0151 Zrt.","isPartOf":{"@id":"https:\/\/www.market.hu\/#website"},"primaryImageOfPage":{"@id":"https:\/\/www.market.hu\/dokumentumtar\/#primaryimage"},"image":{"@id":"https:\/\/www.market.hu\/dokumentumtar\/#primaryimage"},"thumbnailUrl":"https:\/\/www.market.hu\/wp-content\/uploads\/2025\/09\/dokumentumtar02.jpg","datePublished":"2025-08-16T08:14:09+00:00","dateModified":"2026-04-13T10:04:00+00:00","description":"Explore the Document Library \u2013 all your important files, documents, and downloads in one place, easily accessible and organized.","breadcrumb":{"@id":"https:\/\/www.market.hu\/dokumentumtar\/#breadcrumb"},"inLanguage":"en-US","potentialAction":[{"@type":"ReadAction","target":["https:\/\/www.market.hu\/dokumentumtar\/"]}]},{"@type":"ImageObject","inLanguage":"en-US","@id":"https:\/\/www.market.hu\/dokumentumtar\/#primaryimage","url":"https:\/\/www.market.hu\/wp-content\/uploads\/2025\/09\/dokumentumtar02.jpg","contentUrl":"https:\/\/www.market.hu\/wp-content\/uploads\/2025\/09\/dokumentumtar02.jpg","width":2000,"height":1333},{"@type":"BreadcrumbList","@id":"https:\/\/www.market.hu\/dokumentumtar\/#breadcrumb","itemListElement":[{"@type":"ListItem","position":1,"name":"Kezd\u0151lap","item":"https:\/\/www.market.hu\/"},{"@type":"ListItem","position":2,"name":"Document repository"}]},{"@type":"WebSite","@id":"https:\/\/www.market.hu\/#website","url":"https:\/\/www.market.hu\/","name":"Market \u00c9p\u00edt\u0151 Zrt.","description":"","publisher":{"@id":"https:\/\/www.market.hu\/#organization"},"potentialAction":[{"@type":"SearchAction","target":{"@type":"EntryPoint","urlTemplate":"https:\/\/www.market.hu\/?s={search_term_string}"},"query-input":{"@type":"PropertyValueSpecification","valueRequired":true,"valueName":"search_term_string"}}],"inLanguage":"en-US"},{"@type":"Organization","@id":"https:\/\/www.market.hu\/#organization","name":"Market \u00c9p\u00edt\u0151 Zrt.","url":"https:\/\/www.market.hu\/","logo":{"@type":"ImageObject","inLanguage":"en-US","@id":"https:\/\/www.market.hu\/#\/schema\/logo\/image\/","url":"https:\/\/www.market.hu\/wp-content\/uploads\/2025\/06\/market-logo.png","contentUrl":"https:\/\/www.market.hu\/wp-content\/uploads\/2025\/06\/market-logo.png","width":179,"height":81,"caption":"Market \u00c9p\u00edt\u0151 Zrt."},"image":{"@id":"https:\/\/www.market.hu\/#\/schema\/logo\/image\/"},"sameAs":["https:\/\/www.facebook.com\/marketcsoport","https:\/\/www.linkedin.com\/company\/market-epito-zrt","https:\/\/www.instagram.com\/marketepitozrt\/"]}]}},"_links":{"self":[{"href":"https:\/\/www.market.hu\/en\/wp-json\/wp\/v2\/pages\/31527","targetHints":{"allow":["GET"]}}],"collection":[{"href":"https:\/\/www.market.hu\/en\/wp-json\/wp\/v2\/pages"}],"about":[{"href":"https:\/\/www.market.hu\/en\/wp-json\/wp\/v2\/types\/page"}],"author":[{"embeddable":true,"href":"https:\/\/www.market.hu\/en\/wp-json\/wp\/v2\/users\/1"}],"replies":[{"embeddable":true,"href":"https:\/\/www.market.hu\/en\/wp-json\/wp\/v2\/comments?post=31527"}],"version-history":[{"count":7,"href":"https:\/\/www.market.hu\/en\/wp-json\/wp\/v2\/pages\/31527\/revisions"}],"predecessor-version":[{"id":31551,"href":"https:\/\/www.market.hu\/en\/wp-json\/wp\/v2\/pages\/31527\/revisions\/31551"}],"wp:featuredmedia":[{"embeddable":true,"href":"https:\/\/www.market.hu\/en\/wp-json\/wp\/v2\/media\/25903"}],"wp:attachment":[{"href":"https:\/\/www.market.hu\/en\/wp-json\/wp\/v2\/media?parent=31527"}],"curies":[{"name":"wp","href":"https:\/\/api.w.org\/{rel}","templated":true}]}}